{"id":63,"date":"2023-05-18T19:36:11","date_gmt":"2023-05-18T17:36:11","guid":{"rendered":"https:\/\/kaczmart.pl\/?page_id=63"},"modified":"2023-12-01T16:58:21","modified_gmt":"2023-12-01T15:58:21","slug":"realgar-art","status":"publish","type":"page","link":"https:\/\/kaczmart.pl\/?page_id=63","title":{"rendered":"Realgar ART"},"content":{"rendered":"\n<figure class=\"wp-block-image size-large\"><img decoding=\"async\" loading=\"lazy\" width=\"768\" height=\"1024\" src=\"https:\/\/kaczmart.pl\/wp-content\/uploads\/2023\/12\/20231022_165216-768x1024.jpg\" alt=\"\" class=\"wp-image-134\" srcset=\"https:\/\/kaczmart.pl\/wp-content\/uploads\/2023\/12\/20231022_165216-768x1024.jpg 768w, https:\/\/kaczmart.pl\/wp-content\/uploads\/2023\/12\/20231022_165216-225x300.jpg 225w, https:\/\/kaczmart.pl\/wp-content\/uploads\/2023\/12\/20231022_165216-1152x1536.jpg 1152w, https:\/\/kaczmart.pl\/wp-content\/uploads\/2023\/12\/20231022_165216-1536x2048.jpg 1536w, https:\/\/kaczmart.pl\/wp-content\/uploads\/2023\/12\/20231022_165216-2000x2667.jpg 2000w, https:\/\/kaczmart.pl\/wp-content\/uploads\/2023\/12\/20231022_165216-scaled.jpg 1920w\" sizes=\"(max-width: 768px) 100vw, 768px\" \/><figcaption class=\"wp-element-caption\">Praca wykonana farbami akwarelowymi. Format A4.<\/figcaption><\/figure>\n\n\n<div class=\"wp-block-image\">\n<figure class=\"aligncenter size-large\"><img decoding=\"async\" loading=\"lazy\" width=\"768\" height=\"1024\" src=\"https:\/\/kaczmart.pl\/wp-content\/uploads\/2023\/10\/20230825_180942-768x1024.jpg\" alt=\"\" class=\"wp-image-125\" srcset=\"https:\/\/kaczmart.pl\/wp-content\/uploads\/2023\/10\/20230825_180942-768x1024.jpg 768w, https:\/\/kaczmart.pl\/wp-content\/uploads\/2023\/10\/20230825_180942-225x300.jpg 225w, https:\/\/kaczmart.pl\/wp-content\/uploads\/2023\/10\/20230825_180942-1152x1536.jpg 1152w, https:\/\/kaczmart.pl\/wp-content\/uploads\/2023\/10\/20230825_180942-1536x2048.jpg 1536w, https:\/\/kaczmart.pl\/wp-content\/uploads\/2023\/10\/20230825_180942-2000x2667.jpg 2000w, https:\/\/kaczmart.pl\/wp-content\/uploads\/2023\/10\/20230825_180942-scaled.jpg 1920w\" sizes=\"(max-width: 768px) 100vw, 768px\" \/><figcaption class=\"wp-element-caption\">Kwarc z Jeg\u0142owej. Kol. Piotr Zaj\u0105c. Rysunek wykonany o\u0142\u00f3wkiem w formacie A4.<\/figcaption><\/figure><\/div>\n\n<div class=\"wp-block-image\">\n<figure class=\"aligncenter size-large is-resized\"><img decoding=\"async\" loading=\"lazy\" src=\"https:\/\/kaczmart.pl\/wp-content\/uploads\/2023\/10\/20230831_203834-778x1024.jpg\" alt=\"\" class=\"wp-image-124\" width=\"778\" height=\"1024\" srcset=\"https:\/\/kaczmart.pl\/wp-content\/uploads\/2023\/10\/20230831_203834-778x1024.jpg 778w, https:\/\/kaczmart.pl\/wp-content\/uploads\/2023\/10\/20230831_203834-228x300.jpg 228w, https:\/\/kaczmart.pl\/wp-content\/uploads\/2023\/10\/20230831_203834-768x1010.jpg 768w, https:\/\/kaczmart.pl\/wp-content\/uploads\/2023\/10\/20230831_203834-1168x1536.jpg 1168w, https:\/\/kaczmart.pl\/wp-content\/uploads\/2023\/10\/20230831_203834-1557x2048.jpg 1557w, https:\/\/kaczmart.pl\/wp-content\/uploads\/2023\/10\/20230831_203834-2000x2631.jpg 2000w, https:\/\/kaczmart.pl\/wp-content\/uploads\/2023\/10\/20230831_203834-scaled.jpg 1946w\" sizes=\"(max-width: 778px) 100vw, 778px\" \/><figcaption class=\"wp-element-caption\">Dioptaz z Cerusytem, Kongo. Rysunek wzorowany na fotografii Jeffa Scovila. Rysunek wykonany kredkami Faber Castell Polychromos w formacie A4. <\/figcaption><\/figure><\/div>\n\n<div class=\"wp-block-image\">\n<figure class=\"aligncenter size-large is-resized\"><img decoding=\"async\" loading=\"lazy\" src=\"https:\/\/kaczmart.pl\/wp-content\/uploads\/2023\/07\/20230629_202612-768x1024.jpg\" alt=\"\" class=\"wp-image-101\" width=\"768\" height=\"1024\" srcset=\"https:\/\/kaczmart.pl\/wp-content\/uploads\/2023\/07\/20230629_202612-768x1024.jpg 768w, https:\/\/kaczmart.pl\/wp-content\/uploads\/2023\/07\/20230629_202612-225x300.jpg 225w, https:\/\/kaczmart.pl\/wp-content\/uploads\/2023\/07\/20230629_202612-1152x1536.jpg 1152w, https:\/\/kaczmart.pl\/wp-content\/uploads\/2023\/07\/20230629_202612-1536x2048.jpg 1536w, https:\/\/kaczmart.pl\/wp-content\/uploads\/2023\/07\/20230629_202612-2000x2667.jpg 2000w, https:\/\/kaczmart.pl\/wp-content\/uploads\/2023\/07\/20230629_202612-scaled.jpg 1920w\" sizes=\"(max-width: 768px) 100vw, 768px\" \/><figcaption class=\"wp-element-caption\">Rysunek wykonany przy u\u017cyciu kredek Faber Castell Polychromos oraz o\u0142\u00f3wka 8B. Praca by\u0142a prezentowana na Sudeckim Festiwalu Minera\u0142\u00f3w 2023 w Lubaniu.<\/figcaption><\/figure><\/div>\n\n<div class=\"wp-block-image\">\n<figure class=\"aligncenter size-large\"><img decoding=\"async\" loading=\"lazy\" width=\"768\" height=\"1024\" src=\"https:\/\/kaczmart.pl\/wp-content\/uploads\/2023\/05\/20230304_143608-768x1024.jpg\" alt=\"\" class=\"wp-image-64\" srcset=\"https:\/\/kaczmart.pl\/wp-content\/uploads\/2023\/05\/20230304_143608-768x1024.jpg 768w, https:\/\/kaczmart.pl\/wp-content\/uploads\/2023\/05\/20230304_143608-225x300.jpg 225w, https:\/\/kaczmart.pl\/wp-content\/uploads\/2023\/05\/20230304_143608-1152x1536.jpg 1152w, https:\/\/kaczmart.pl\/wp-content\/uploads\/2023\/05\/20230304_143608-1536x2048.jpg 1536w, https:\/\/kaczmart.pl\/wp-content\/uploads\/2023\/05\/20230304_143608-2000x2667.jpg 2000w, https:\/\/kaczmart.pl\/wp-content\/uploads\/2023\/05\/20230304_143608-scaled.jpg 1920w\" sizes=\"(max-width: 768px) 100vw, 768px\" \/><figcaption class=\"wp-element-caption\">Turmalin Schorl &#8211; Pi\u0142awa G\u00f3rna. Kol Piotr Zaj\u0105c.<\/figcaption><\/figure><\/div>\n\n<div class=\"wp-block-image\">\n<figure class=\"aligncenter size-large\"><img decoding=\"async\" loading=\"lazy\" width=\"725\" height=\"1024\" src=\"https:\/\/kaczmart.pl\/wp-content\/uploads\/2023\/05\/turmalin-1-725x1024.jpg\" alt=\"\" class=\"wp-image-65\" srcset=\"https:\/\/kaczmart.pl\/wp-content\/uploads\/2023\/05\/turmalin-1-725x1024.jpg 725w, https:\/\/kaczmart.pl\/wp-content\/uploads\/2023\/05\/turmalin-1-212x300.jpg 212w, https:\/\/kaczmart.pl\/wp-content\/uploads\/2023\/05\/turmalin-1-768x1085.jpg 768w, https:\/\/kaczmart.pl\/wp-content\/uploads\/2023\/05\/turmalin-1-1087x1536.jpg 1087w, https:\/\/kaczmart.pl\/wp-content\/uploads\/2023\/05\/turmalin-1-1449x2048.jpg 1449w, https:\/\/kaczmart.pl\/wp-content\/uploads\/2023\/05\/turmalin-1-2000x2826.jpg 2000w, https:\/\/kaczmart.pl\/wp-content\/uploads\/2023\/05\/turmalin-1-scaled.jpg 1812w\" sizes=\"(max-width: 725px) 100vw, 725px\" \/><figcaption class=\"wp-element-caption\">Turmalin &#8211; zdj\u0119cie do rysunku zosta\u0142o zrobione podczas Sudeckiego Festiwalu Minera\u0142\u00f3w w 2022 roku.<\/figcaption><\/figure><\/div>\n\n<div class=\"wp-block-image\">\n<figure class=\"aligncenter size-large\"><img decoding=\"async\" loading=\"lazy\" width=\"777\" height=\"1024\" src=\"https:\/\/kaczmart.pl\/wp-content\/uploads\/2023\/05\/20230311_203120-777x1024.jpg\" alt=\"\" class=\"wp-image-66\" srcset=\"https:\/\/kaczmart.pl\/wp-content\/uploads\/2023\/05\/20230311_203120-777x1024.jpg 777w, https:\/\/kaczmart.pl\/wp-content\/uploads\/2023\/05\/20230311_203120-228x300.jpg 228w, https:\/\/kaczmart.pl\/wp-content\/uploads\/2023\/05\/20230311_203120-768x1012.jpg 768w, https:\/\/kaczmart.pl\/wp-content\/uploads\/2023\/05\/20230311_203120-1166x1536.jpg 1166w, https:\/\/kaczmart.pl\/wp-content\/uploads\/2023\/05\/20230311_203120-1555x2048.jpg 1555w, https:\/\/kaczmart.pl\/wp-content\/uploads\/2023\/05\/20230311_203120-2000x2635.jpg 2000w, https:\/\/kaczmart.pl\/wp-content\/uploads\/2023\/05\/20230311_203120-scaled.jpg 1943w\" sizes=\"(max-width: 777px) 100vw, 777px\" \/><figcaption class=\"wp-element-caption\">Wanadynit &#8211; Maroko. Kol. Piotr Zaj\u0105c<\/figcaption><\/figure><\/div>\n\n<div class=\"wp-block-image\">\n<figure class=\"aligncenter size-large\"><img decoding=\"async\" loading=\"lazy\" width=\"1024\" height=\"768\" src=\"https:\/\/kaczmart.pl\/wp-content\/uploads\/2023\/05\/20230212_115216-1024x768.jpg\" alt=\"\" class=\"wp-image-67\" srcset=\"https:\/\/kaczmart.pl\/wp-content\/uploads\/2023\/05\/20230212_115216-1024x768.jpg 1024w, https:\/\/kaczmart.pl\/wp-content\/uploads\/2023\/05\/20230212_115216-300x225.jpg 300w, https:\/\/kaczmart.pl\/wp-content\/uploads\/2023\/05\/20230212_115216-768x576.jpg 768w, https:\/\/kaczmart.pl\/wp-content\/uploads\/2023\/05\/20230212_115216-1536x1152.jpg 1536w, https:\/\/kaczmart.pl\/wp-content\/uploads\/2023\/05\/20230212_115216-2048x1536.jpg 2048w, https:\/\/kaczmart.pl\/wp-content\/uploads\/2023\/05\/20230212_115216-2000x1500.jpg 2000w\" sizes=\"(max-width: 1024px) 100vw, 1024px\" \/><figcaption class=\"wp-element-caption\">Agat &#8211; Nowy Ko\u015bci\u00f3\u0142. Kol. Piotr Zaj\u0105c (syn te\u017c Piotra \ud83d\ude42 )<\/figcaption><\/figure><\/div>\n\n<div class=\"wp-block-image\">\n<figure class=\"aligncenter size-large\"><img decoding=\"async\" loading=\"lazy\" width=\"700\" height=\"1024\" src=\"https:\/\/kaczmart.pl\/wp-content\/uploads\/2023\/05\/20230316_193954-700x1024.jpg\" alt=\"\" class=\"wp-image-68\" srcset=\"https:\/\/kaczmart.pl\/wp-content\/uploads\/2023\/05\/20230316_193954-700x1024.jpg 700w, https:\/\/kaczmart.pl\/wp-content\/uploads\/2023\/05\/20230316_193954-205x300.jpg 205w, https:\/\/kaczmart.pl\/wp-content\/uploads\/2023\/05\/20230316_193954-768x1124.jpg 768w, https:\/\/kaczmart.pl\/wp-content\/uploads\/2023\/05\/20230316_193954-1049x1536.jpg 1049w, https:\/\/kaczmart.pl\/wp-content\/uploads\/2023\/05\/20230316_193954-1399x2048.jpg 1399w, https:\/\/kaczmart.pl\/wp-content\/uploads\/2023\/05\/20230316_193954-2000x2927.jpg 2000w, https:\/\/kaczmart.pl\/wp-content\/uploads\/2023\/05\/20230316_193954-scaled.jpg 1749w\" sizes=\"(max-width: 700px) 100vw, 700px\" \/><figcaption class=\"wp-element-caption\">Amonit.<\/figcaption><\/figure><\/div>\n\n<div class=\"wp-block-image\">\n<figure class=\"aligncenter size-large\"><img decoding=\"async\" loading=\"lazy\" width=\"724\" height=\"1024\" src=\"https:\/\/kaczmart.pl\/wp-content\/uploads\/2023\/05\/Agat-kolor-1-724x1024.jpg\" alt=\"\" class=\"wp-image-69\" srcset=\"https:\/\/kaczmart.pl\/wp-content\/uploads\/2023\/05\/Agat-kolor-1-724x1024.jpg 724w, https:\/\/kaczmart.pl\/wp-content\/uploads\/2023\/05\/Agat-kolor-1-212x300.jpg 212w, https:\/\/kaczmart.pl\/wp-content\/uploads\/2023\/05\/Agat-kolor-1-768x1086.jpg 768w, https:\/\/kaczmart.pl\/wp-content\/uploads\/2023\/05\/Agat-kolor-1-1086x1536.jpg 1086w, https:\/\/kaczmart.pl\/wp-content\/uploads\/2023\/05\/Agat-kolor-1-1448x2048.jpg 1448w, https:\/\/kaczmart.pl\/wp-content\/uploads\/2023\/05\/Agat-kolor-1-2000x2829.jpg 2000w, https:\/\/kaczmart.pl\/wp-content\/uploads\/2023\/05\/Agat-kolor-1-scaled.jpg 1810w\" sizes=\"(max-width: 724px) 100vw, 724px\" \/><figcaption class=\"wp-element-caption\">Agat &#8211; Rudno. Kol Pitr Zaj\u0105c<\/figcaption><\/figure><\/div>\n\n<div class=\"wp-block-image\">\n<figure class=\"aligncenter size-large\"><img decoding=\"async\" loading=\"lazy\" width=\"724\" height=\"1024\" src=\"https:\/\/kaczmart.pl\/wp-content\/uploads\/2023\/05\/Rudno-724x1024.jpg\" alt=\"\" class=\"wp-image-70\" srcset=\"https:\/\/kaczmart.pl\/wp-content\/uploads\/2023\/05\/Rudno-724x1024.jpg 724w, https:\/\/kaczmart.pl\/wp-content\/uploads\/2023\/05\/Rudno-212x300.jpg 212w, https:\/\/kaczmart.pl\/wp-content\/uploads\/2023\/05\/Rudno-768x1086.jpg 768w, https:\/\/kaczmart.pl\/wp-content\/uploads\/2023\/05\/Rudno-1086x1536.jpg 1086w, https:\/\/kaczmart.pl\/wp-content\/uploads\/2023\/05\/Rudno-1448x2048.jpg 1448w, https:\/\/kaczmart.pl\/wp-content\/uploads\/2023\/05\/Rudno-2000x2828.jpg 2000w, https:\/\/kaczmart.pl\/wp-content\/uploads\/2023\/05\/Rudno-scaled.jpg 1811w\" sizes=\"(max-width: 724px) 100vw, 724px\" \/><figcaption class=\"wp-element-caption\">Agat &#8211; Rudno. Okaz z Muzeum Agat\u00f3w w Rudnie.<\/figcaption><\/figure><\/div>\n\n<div class=\"wp-block-image\">\n<figure class=\"aligncenter size-large\"><img decoding=\"async\" loading=\"lazy\" width=\"724\" height=\"1024\" src=\"https:\/\/kaczmart.pl\/wp-content\/uploads\/2023\/05\/szkic-2-724x1024.jpg\" alt=\"\" class=\"wp-image-71\" srcset=\"https:\/\/kaczmart.pl\/wp-content\/uploads\/2023\/05\/szkic-2-724x1024.jpg 724w, https:\/\/kaczmart.pl\/wp-content\/uploads\/2023\/05\/szkic-2-212x300.jpg 212w, https:\/\/kaczmart.pl\/wp-content\/uploads\/2023\/05\/szkic-2-768x1086.jpg 768w, https:\/\/kaczmart.pl\/wp-content\/uploads\/2023\/05\/szkic-2-1086x1536.jpg 1086w, https:\/\/kaczmart.pl\/wp-content\/uploads\/2023\/05\/szkic-2-1448x2048.jpg 1448w, https:\/\/kaczmart.pl\/wp-content\/uploads\/2023\/05\/szkic-2-2000x2828.jpg 2000w, https:\/\/kaczmart.pl\/wp-content\/uploads\/2023\/05\/szkic-2-scaled.jpg 1811w\" sizes=\"(max-width: 724px) 100vw, 724px\" \/><figcaption class=\"wp-element-caption\">Fluoryt &#8211; Chiny<\/figcaption><\/figure><\/div>\n\n<div class=\"wp-block-image\">\n<figure class=\"aligncenter size-large\"><img decoding=\"async\" loading=\"lazy\" width=\"724\" height=\"1024\" src=\"https:\/\/kaczmart.pl\/wp-content\/uploads\/2023\/05\/szkicgranat2-724x1024.jpg\" alt=\"\" class=\"wp-image-72\" srcset=\"https:\/\/kaczmart.pl\/wp-content\/uploads\/2023\/05\/szkicgranat2-724x1024.jpg 724w, https:\/\/kaczmart.pl\/wp-content\/uploads\/2023\/05\/szkicgranat2-212x300.jpg 212w, https:\/\/kaczmart.pl\/wp-content\/uploads\/2023\/05\/szkicgranat2-768x1086.jpg 768w, https:\/\/kaczmart.pl\/wp-content\/uploads\/2023\/05\/szkicgranat2-1086x1536.jpg 1086w, https:\/\/kaczmart.pl\/wp-content\/uploads\/2023\/05\/szkicgranat2-1448x2048.jpg 1448w, https:\/\/kaczmart.pl\/wp-content\/uploads\/2023\/05\/szkicgranat2-2000x2828.jpg 2000w, https:\/\/kaczmart.pl\/wp-content\/uploads\/2023\/05\/szkicgranat2-scaled.jpg 1811w\" sizes=\"(max-width: 724px) 100vw, 724px\" \/><figcaption class=\"wp-element-caption\">Granat &#8211; w rzeczywisto\u015bci okaz jest mniejszy<\/figcaption><\/figure><\/div>","protected":false},"excerpt":{"rendered":"","protected":false},"author":1,"featured_media":0,"parent":0,"menu_order":0,"comment_status":"closed","ping_status":"closed","template":"","meta":[],"_links":{"self":[{"href":"https:\/\/kaczmart.pl\/index.php?rest_route=\/wp\/v2\/pages\/63"}],"collection":[{"href":"https:\/\/kaczmart.pl\/index.php?rest_route=\/wp\/v2\/pages"}],"about":[{"href":"https:\/\/kaczmart.pl\/index.php?rest_route=\/wp\/v2\/types\/page"}],"author":[{"embeddable":true,"href":"https:\/\/kaczmart.pl\/index.php?rest_route=\/wp\/v2\/users\/1"}],"replies":[{"embeddable":true,"href":"https:\/\/kaczmart.pl\/index.php?rest_route=%2Fwp%2Fv2%2Fcomments&post=63"}],"version-history":[{"count":4,"href":"https:\/\/kaczmart.pl\/index.php?rest_route=\/wp\/v2\/pages\/63\/revisions"}],"predecessor-version":[{"id":136,"href":"https:\/\/kaczmart.pl\/index.php?rest_route=\/wp\/v2\/pages\/63\/revisions\/136"}],"wp:attachment":[{"href":"https:\/\/kaczmart.pl\/index.php?rest_route=%2Fwp%2Fv2%2Fmedia&parent=63"}],"curies":[{"name":"wp","href":"https:\/\/api.w.org\/{rel}","templated":true}]}}