{"id":144,"date":"2025-05-14T21:08:46","date_gmt":"2025-05-14T19:08:46","guid":{"rendered":"https:\/\/kaczmart.pl\/?page_id=144"},"modified":"2026-02-17T15:25:24","modified_gmt":"2026-02-17T14:25:24","slug":"wspolpraca-z-centrum-weterana-dzialan-poza-granicami-panstwa","status":"publish","type":"page","link":"https:\/\/kaczmart.pl\/?page_id=144","title":{"rendered":"Centrum Weterana Dzia\u0142a\u0144 Poza Granicami Pa\u0144stwa"},"content":{"rendered":"\n<p>Centrum Weterana pe\u0142ni funkcj\u0119 o\u015brodka, w kt\u00f3rym weterani dzia\u0142a\u0144 poza granicami pa\u0144stwa oraz rodziny \u017co\u0142nierzy i pracownik\u00f3w wojska poleg\u0142ych podczas tych dzia\u0142a\u0144, uzyskuj\u0105 pomoc, rad\u0119 oraz korzystaj\u0105 z konsultacji, w szczeg\u00f3lno\u015bci prawnych i psychologicznych, w zakresie mo\u017cliwo\u015bci rozwi\u0105zania nurtuj\u0105cych ich problem\u00f3w. Za\u015b dla zwyk\u0142ego obywatela s\u0105 skarbnic\u0105 wiedzy na temat dzia\u0142a\u0144 Pa\u0144stwa Polskiego poza granicami.<\/p>\n\n\n\n<figure class=\"wp-block-image size-large\"><img decoding=\"async\" loading=\"lazy\" width=\"768\" height=\"1024\" src=\"https:\/\/kaczmart.pl\/wp-content\/uploads\/2026\/02\/1000008784-768x1024.jpg\" alt=\"\" class=\"wp-image-163\" srcset=\"https:\/\/kaczmart.pl\/wp-content\/uploads\/2026\/02\/1000008784-768x1024.jpg 768w, https:\/\/kaczmart.pl\/wp-content\/uploads\/2026\/02\/1000008784-225x300.jpg 225w, https:\/\/kaczmart.pl\/wp-content\/uploads\/2026\/02\/1000008784-1152x1536.jpg 1152w, https:\/\/kaczmart.pl\/wp-content\/uploads\/2026\/02\/1000008784-1536x2048.jpg 1536w, https:\/\/kaczmart.pl\/wp-content\/uploads\/2026\/02\/1000008784-2000x2667.jpg 2000w, https:\/\/kaczmart.pl\/wp-content\/uploads\/2026\/02\/1000008784-scaled.jpg 1920w\" sizes=\"(max-width: 768px) 100vw, 768px\" \/><\/figure>\n\n\n\n<figure class=\"wp-block-image size-large\"><img decoding=\"async\" loading=\"lazy\" width=\"768\" height=\"1024\" src=\"https:\/\/kaczmart.pl\/wp-content\/uploads\/2025\/05\/20240722_171854-768x1024.jpg\" alt=\"\" class=\"wp-image-147\" srcset=\"https:\/\/kaczmart.pl\/wp-content\/uploads\/2025\/05\/20240722_171854-768x1024.jpg 768w, https:\/\/kaczmart.pl\/wp-content\/uploads\/2025\/05\/20240722_171854-225x300.jpg 225w, https:\/\/kaczmart.pl\/wp-content\/uploads\/2025\/05\/20240722_171854-1152x1536.jpg 1152w, https:\/\/kaczmart.pl\/wp-content\/uploads\/2025\/05\/20240722_171854-1536x2048.jpg 1536w, https:\/\/kaczmart.pl\/wp-content\/uploads\/2025\/05\/20240722_171854-2000x2667.jpg 2000w, https:\/\/kaczmart.pl\/wp-content\/uploads\/2025\/05\/20240722_171854-scaled.jpg 1920w\" sizes=\"(max-width: 768px) 100vw, 768px\" \/><\/figure>\n\n\n\n<figure class=\"wp-block-image size-large\"><img decoding=\"async\" loading=\"lazy\" width=\"768\" height=\"1024\" src=\"https:\/\/kaczmart.pl\/wp-content\/uploads\/2025\/05\/20250409_163645-768x1024.jpg\" alt=\"\" class=\"wp-image-145\" srcset=\"https:\/\/kaczmart.pl\/wp-content\/uploads\/2025\/05\/20250409_163645-768x1024.jpg 768w, https:\/\/kaczmart.pl\/wp-content\/uploads\/2025\/05\/20250409_163645-225x300.jpg 225w, https:\/\/kaczmart.pl\/wp-content\/uploads\/2025\/05\/20250409_163645-1152x1536.jpg 1152w, https:\/\/kaczmart.pl\/wp-content\/uploads\/2025\/05\/20250409_163645-1536x2048.jpg 1536w, https:\/\/kaczmart.pl\/wp-content\/uploads\/2025\/05\/20250409_163645-2000x2667.jpg 2000w, https:\/\/kaczmart.pl\/wp-content\/uploads\/2025\/05\/20250409_163645-scaled.jpg 1920w\" sizes=\"(max-width: 768px) 100vw, 768px\" \/><\/figure>\n\n\n\n<figure class=\"wp-block-image size-large\"><img decoding=\"async\" loading=\"lazy\" width=\"768\" height=\"1024\" src=\"https:\/\/kaczmart.pl\/wp-content\/uploads\/2025\/05\/20241027_094950-768x1024.jpg\" alt=\"\" class=\"wp-image-146\" srcset=\"https:\/\/kaczmart.pl\/wp-content\/uploads\/2025\/05\/20241027_094950-768x1024.jpg 768w, https:\/\/kaczmart.pl\/wp-content\/uploads\/2025\/05\/20241027_094950-225x300.jpg 225w, https:\/\/kaczmart.pl\/wp-content\/uploads\/2025\/05\/20241027_094950-1152x1536.jpg 1152w, https:\/\/kaczmart.pl\/wp-content\/uploads\/2025\/05\/20241027_094950-1536x2048.jpg 1536w, https:\/\/kaczmart.pl\/wp-content\/uploads\/2025\/05\/20241027_094950-2000x2667.jpg 2000w, https:\/\/kaczmart.pl\/wp-content\/uploads\/2025\/05\/20241027_094950-scaled.jpg 1920w\" sizes=\"(max-width: 768px) 100vw, 768px\" \/><\/figure>\n","protected":false},"excerpt":{"rendered":"<p>Centrum Weterana pe\u0142ni funkcj\u0119 o\u015brodka, w kt\u00f3rym weterani dzia\u0142a\u0144 poza granicami pa\u0144stwa oraz rodziny \u017co\u0142nierzy i pracownik\u00f3w wojska poleg\u0142ych podczas tych dzia\u0142a\u0144, uzyskuj\u0105 pomoc, rad\u0119 oraz korzystaj\u0105 z konsultacji, w szczeg\u00f3lno\u015bci prawnych i psychologicznych, w zakresie mo\u017cliwo\u015bci rozwi\u0105zania nurtuj\u0105cych ich problem\u00f3w. Za\u015b dla zwyk\u0142ego obywatela s\u0105 skarbnic\u0105 wiedzy na temat dzia\u0142a\u0144 Pa\u0144stwa Polskiego poza granicami.<\/p>\n","protected":false},"author":1,"featured_media":0,"parent":0,"menu_order":0,"comment_status":"closed","ping_status":"closed","template":"","meta":[],"_links":{"self":[{"href":"https:\/\/kaczmart.pl\/index.php?rest_route=\/wp\/v2\/pages\/144"}],"collection":[{"href":"https:\/\/kaczmart.pl\/index.php?rest_route=\/wp\/v2\/pages"}],"about":[{"href":"https:\/\/kaczmart.pl\/index.php?rest_route=\/wp\/v2\/types\/page"}],"author":[{"embeddable":true,"href":"https:\/\/kaczmart.pl\/index.php?rest_route=\/wp\/v2\/users\/1"}],"replies":[{"embeddable":true,"href":"https:\/\/kaczmart.pl\/index.php?rest_route=%2Fwp%2Fv2%2Fcomments&post=144"}],"version-history":[{"count":3,"href":"https:\/\/kaczmart.pl\/index.php?rest_route=\/wp\/v2\/pages\/144\/revisions"}],"predecessor-version":[{"id":164,"href":"https:\/\/kaczmart.pl\/index.php?rest_route=\/wp\/v2\/pages\/144\/revisions\/164"}],"wp:attachment":[{"href":"https:\/\/kaczmart.pl\/index.php?rest_route=%2Fwp%2Fv2%2Fmedia&parent=144"}],"curies":[{"name":"wp","href":"https:\/\/api.w.org\/{rel}","templated":true}]}}